{"id":2734,"date":"2022-11-03T14:34:38","date_gmt":"2022-11-03T14:34:38","guid":{"rendered":"https:\/\/pegasuslp.com.br\/wp2\/?page_id=2734"},"modified":"2023-10-18T23:52:23","modified_gmt":"2023-10-18T23:52:23","slug":"blog-pegasus-sistemas","status":"publish","type":"page","link":"https:\/\/pegasuslp.com.br\/wp2\/blog-pegasus-sistemas\/","title":{"rendered":"Blog &#8211; Pegasus Sistemas"},"content":{"rendered":"\t\t<div data-elementor-type=\"wp-page\" data-elementor-id=\"2734\" class=\"elementor elementor-2734\">\n\t\t\t\t\t\t<section class=\"elementor-section elementor-top-section elementor-element elementor-element-3bd8fc2 elementor-section-boxed elementor-section-height-default elementor-section-height-default exad-glass-effect-no exad-sticky-section-no\" data-id=\"3bd8fc2\" data-element_type=\"section\" data-e-type=\"section\" data-settings=\"{&quot;background_background&quot;:&quot;video&quot;,&quot;shape_divider_bottom&quot;:&quot;mountains&quot;,&quot;background_video_link&quot;:&quot;https:\\\/\\\/youtu.be\\\/Fa4QtzwB2zQ&quot;}\">\n\t\t\t\t\t\t\t\t<div class=\"elementor-background-video-container elementor-hidden-mobile\">\n\t\t\t\t\t\t\t\t\t\t\t\t\t<div class=\"elementor-background-video-embed\" role=\"presentation\"><\/div>\n\t\t\t\t\t\t\t\t\t\t\t\t<\/div>\n\t\t\t\t\t\t\t\t\t<div class=\"elementor-background-overlay\"><\/div>\n\t\t\t\t\t\t<div class=\"elementor-shape elementor-shape-bottom\" aria-hidden=\"true\" data-negative=\"false\">\n\t\t\t<svg xmlns=\"http:\/\/www.w3.org\/2000\/svg\" viewBox=\"0 0 1000 100\" preserveAspectRatio=\"none\">\n\t<path class=\"elementor-shape-fill\" opacity=\"0.33\" d=\"M473,67.3c-203.9,88.3-263.1-34-320.3,0C66,119.1,0,59.7,0,59.7V0h1000v59.7 c0,0-62.1,26.1-94.9,29.3c-32.8,3.3-62.8-12.3-75.8-22.1C806,49.6,745.3,8.7,694.9,4.7S492.4,59,473,67.3z\"\/>\n\t<path class=\"elementor-shape-fill\" opacity=\"0.66\" d=\"M734,67.3c-45.5,0-77.2-23.2-129.1-39.1c-28.6-8.7-150.3-10.1-254,39.1 s-91.7-34.4-149.2,0C115.7,118.3,0,39.8,0,39.8V0h1000v36.5c0,0-28.2-18.5-92.1-18.5C810.2,18.1,775.7,67.3,734,67.3z\"\/>\n\t<path class=\"elementor-shape-fill\" d=\"M766.1,28.9c-200-57.5-266,65.5-395.1,19.5C242,1.8,242,5.4,184.8,20.6C128,35.8,132.3,44.9,89.9,52.5C28.6,63.7,0,0,0,0 h1000c0,0-9.9,40.9-83.6,48.1S829.6,47,766.1,28.9z\"\/>\n<\/svg>\t\t<\/div>\n\t\t\t\t\t<div class=\"elementor-container elementor-column-gap-no\">\n\t\t\t\t\t<div class=\"elementor-column elementor-col-100 elementor-top-column elementor-element elementor-element-2a53e33 exad-glass-effect-no exad-sticky-section-no\" data-id=\"2a53e33\" data-element_type=\"column\" data-e-type=\"column\">\n\t\t\t<div class=\"elementor-widget-wrap elementor-element-populated\">\n\t\t\t\t\t\t<section class=\"elementor-section elementor-inner-section elementor-element elementor-element-d6a4aef elementor-section-boxed elementor-section-height-default elementor-section-height-default exad-glass-effect-no exad-sticky-section-no\" data-id=\"d6a4aef\" data-element_type=\"section\" data-e-type=\"section\">\n\t\t\t\t\t\t<div class=\"elementor-container elementor-column-gap-default\">\n\t\t\t\t\t<div class=\"elementor-column elementor-col-100 elementor-inner-column elementor-element elementor-element-6124b31 exad-glass-effect-no exad-sticky-section-no\" data-id=\"6124b31\" data-element_type=\"column\" data-e-type=\"column\">\n\t\t\t<div class=\"elementor-widget-wrap elementor-element-populated\">\n\t\t\t\t\t\t<div class=\"elementor-element elementor-element-4c2eb5f exad-sticky-section-no exad-glass-effect-no elementor-widget elementor-widget-elementskit-heading\" data-id=\"4c2eb5f\" data-element_type=\"widget\" data-e-type=\"widget\" data-widget_type=\"elementskit-heading.default\">\n\t\t\t\t<div class=\"elementor-widget-container\">\n\t\t\t\t\t<div class=\"ekit-wid-con\" ><div class=\"ekit-heading elementskit-section-title-wraper text_left   ekit_heading_tablet-   ekit_heading_mobile-\"><span class=\"elementskit-section-subtitle  elementskit-style-border\">\n\t\t\t\t\t\tExcel\u00eancia e experi\u00eancia\n\t\t\t\t\t<\/span><h1 class=\"ekit-heading--title elementskit-section-title \">Acompanhe nossas postagens!<\/h1><\/div><\/div>\t\t\t\t<\/div>\n\t\t\t\t<\/div>\n\t\t\t\t\t<\/div>\n\t\t<\/div>\n\t\t\t\t\t<\/div>\n\t\t<\/section>\n\t\t\t\t\t<\/div>\n\t\t<\/div>\n\t\t\t\t\t<\/div>\n\t\t<\/section>\n\t\t\t\t<section class=\"elementor-section elementor-top-section elementor-element elementor-element-4df63e8 elementor-section-boxed elementor-section-height-default elementor-section-height-default exad-glass-effect-no exad-sticky-section-no\" data-id=\"4df63e8\" data-element_type=\"section\" data-e-type=\"section\">\n\t\t\t\t\t\t<div class=\"elementor-container elementor-column-gap-default\">\n\t\t\t\t\t<div class=\"elementor-column elementor-col-100 elementor-top-column elementor-element elementor-element-5d75a0a exad-glass-effect-no exad-sticky-section-no\" data-id=\"5d75a0a\" data-element_type=\"column\" data-e-type=\"column\">\n\t\t\t<div class=\"elementor-widget-wrap elementor-element-populated\">\n\t\t\t\t\t\t<div class=\"elementor-element elementor-element-b4fcb94 exad-sticky-section-no exad-glass-effect-no elementor-widget elementor-widget-text-editor\" data-id=\"b4fcb94\" data-element_type=\"widget\" data-e-type=\"widget\" data-widget_type=\"text-editor.default\">\n\t\t\t\t<div class=\"elementor-widget-container\">\n\t\t\t\t\t\t\t\t\t<h4>A Pegasus Sistemas \u00e9 feita DE empreendedores PARA empreendedores. Acompanhe as nossas postagens e fique por dentro das novidades do sistema e do mercado varejista. Seja uma pot\u00eancia no seu segmento!<\/h4>\t\t\t\t\t\t\t\t<\/div>\n\t\t\t\t<\/div>\n\t\t\t\t\t<\/div>\n\t\t<\/div>\n\t\t\t\t\t<\/div>\n\t\t<\/section>\n\t\t\t\t<section class=\"elementor-section elementor-top-section elementor-element elementor-element-0c67a78 elementor-section-boxed elementor-section-height-default elementor-section-height-default exad-glass-effect-no exad-sticky-section-no\" data-id=\"0c67a78\" data-element_type=\"section\" data-e-type=\"section\">\n\t\t\t\t\t\t<div class=\"elementor-container elementor-column-gap-default\">\n\t\t\t\t\t<div class=\"elementor-column elementor-col-100 elementor-top-column elementor-element elementor-element-18b4437 exad-glass-effect-no exad-sticky-section-no\" data-id=\"18b4437\" data-element_type=\"column\" data-e-type=\"column\">\n\t\t\t<div class=\"elementor-widget-wrap elementor-element-populated\">\n\t\t\t\t\t\t<section class=\"elementor-section elementor-inner-section elementor-element elementor-element-607a914 elementor-section-boxed elementor-section-height-default elementor-section-height-default exad-glass-effect-no exad-sticky-section-no\" data-id=\"607a914\" data-element_type=\"section\" data-e-type=\"section\">\n\t\t\t\t\t\t<div class=\"elementor-container elementor-column-gap-default\">\n\t\t\t\t\t<div class=\"elementor-column elementor-col-33 elementor-inner-column elementor-element elementor-element-9daa391 exad-glass-effect-no exad-sticky-section-no\" data-id=\"9daa391\" data-element_type=\"column\" data-e-type=\"column\">\n\t\t\t<div class=\"elementor-widget-wrap elementor-element-populated\">\n\t\t\t\t\t\t<div class=\"elementor-element elementor-element-ab89001 exad-sticky-section-no exad-glass-effect-no elementor-widget elementor-widget-exad-exclusive-card\" data-id=\"ab89001\" data-element_type=\"widget\" data-e-type=\"widget\" data-widget_type=\"exad-exclusive-card.default\">\n\t\t\t\t<div class=\"elementor-widget-container\">\n\t\t\t\t\t\r\n\t\t<div class=\"exad-card left default yes\">\r\n\t\t\t\t        \t<div class=\"exad-card-thumb\">\r\n\t\t\t\t\t<img fetchpriority=\"high\" decoding=\"async\" width=\"2000\" height=\"1334\" src=\"https:\/\/pegasuslp.com.br\/wp2\/wp-content\/uploads\/2023\/10\/smartphone-perto-de-laptop-e-carrinho-de-compras.jpg\" class=\"attachment-full size-full wp-image-6987\" alt=\"\" srcset=\"https:\/\/pegasuslp.com.br\/wp2\/wp-content\/uploads\/2023\/10\/smartphone-perto-de-laptop-e-carrinho-de-compras.jpg 2000w, https:\/\/pegasuslp.com.br\/wp2\/wp-content\/uploads\/2023\/10\/smartphone-perto-de-laptop-e-carrinho-de-compras-300x200.jpg 300w, https:\/\/pegasuslp.com.br\/wp2\/wp-content\/uploads\/2023\/10\/smartphone-perto-de-laptop-e-carrinho-de-compras-1024x683.jpg 1024w, https:\/\/pegasuslp.com.br\/wp2\/wp-content\/uploads\/2023\/10\/smartphone-perto-de-laptop-e-carrinho-de-compras-768x512.jpg 768w, https:\/\/pegasuslp.com.br\/wp2\/wp-content\/uploads\/2023\/10\/smartphone-perto-de-laptop-e-carrinho-de-compras-1536x1025.jpg 1536w\" sizes=\"(max-width: 2000px) 100vw, 2000px\" \/>\t\t\t\t<\/div>\r\n\t\t\t\t\t\t\t<div class=\"exad-card-badge\">\r\n\t\t\t\t\tPara varejistas\t\t\t\t<\/div>\r\n\t\t\t\t\r\n          \t<div class=\"exad-card-body\">\r\n\t\t\t  \t\t          \t\t<a class=\"exad-card-title\" href=\"https:\/\/pegasuslp.com.br\/wp2\/black-friday\/\" target=\"_blank\">\r\n\t            \t\t<span>Black Friday: tecnologia como aliada nas vendas\t\t\t\t\t\t<\/span>\r\n\t        \t\t<\/a>\r\n\t\t\t\t\t<div class=\"exad-card-description\">A import\u00e2ncia de otimizar os processos da sua empresa, como a tecnologia pode ser sua aliada nesta \u00e9poca em que h\u00e1 maior demanda. Acompanhe a leitura abaixo e saiba mais.<\/div>\t\t\t\t\t<a class=\"exad-card-action\" href=\"https:\/\/pegasuslp.com.br\/wp2\/black-friday\/\" target=\"_blank\">\r\n\t\t\t\t\t\t\r\n\t\t\t\t\t\t<span>\r\n\t\t\t\t\t\t\tContinue lendo\t\t\t\t\t\t<\/span>\r\n\r\n\t\t\t\t\t\t\t            \t<\/a>\r\n\t\t\t\t          \t<\/div>\r\n        <\/div>\r\n\t\t\t\t\t<\/div>\n\t\t\t\t<\/div>\n\t\t\t\t\t<\/div>\n\t\t<\/div>\n\t\t\t\t<div class=\"elementor-column elementor-col-33 elementor-inner-column elementor-element elementor-element-626b16c exad-glass-effect-no exad-sticky-section-no\" data-id=\"626b16c\" data-element_type=\"column\" data-e-type=\"column\">\n\t\t\t<div class=\"elementor-widget-wrap elementor-element-populated\">\n\t\t\t\t\t\t<div class=\"elementor-element elementor-element-55457ca exad-sticky-section-no exad-glass-effect-no elementor-widget elementor-widget-exad-exclusive-card\" data-id=\"55457ca\" data-element_type=\"widget\" data-e-type=\"widget\" data-widget_type=\"exad-exclusive-card.default\">\n\t\t\t\t<div class=\"elementor-widget-container\">\n\t\t\t\t\t\r\n\t\t<div class=\"exad-card left default yes\">\r\n\t\t\t\t        \t<div class=\"exad-card-thumb\">\r\n\t\t\t\t\t<img decoding=\"async\" width=\"2000\" height=\"1333\" src=\"https:\/\/pegasuslp.com.br\/wp2\/wp-content\/uploads\/2023\/10\/mao-segurando-uma-seta-de-crescimento-com-moedas.jpg\" class=\"attachment-full size-full wp-image-6986\" alt=\"\" srcset=\"https:\/\/pegasuslp.com.br\/wp2\/wp-content\/uploads\/2023\/10\/mao-segurando-uma-seta-de-crescimento-com-moedas.jpg 2000w, https:\/\/pegasuslp.com.br\/wp2\/wp-content\/uploads\/2023\/10\/mao-segurando-uma-seta-de-crescimento-com-moedas-300x200.jpg 300w, https:\/\/pegasuslp.com.br\/wp2\/wp-content\/uploads\/2023\/10\/mao-segurando-uma-seta-de-crescimento-com-moedas-1024x682.jpg 1024w, https:\/\/pegasuslp.com.br\/wp2\/wp-content\/uploads\/2023\/10\/mao-segurando-uma-seta-de-crescimento-com-moedas-768x512.jpg 768w, https:\/\/pegasuslp.com.br\/wp2\/wp-content\/uploads\/2023\/10\/mao-segurando-uma-seta-de-crescimento-com-moedas-1536x1024.jpg 1536w\" sizes=\"(max-width: 2000px) 100vw, 2000px\" \/>\t\t\t\t<\/div>\r\n\t\t\t\t\t\t\t<div class=\"exad-card-badge\">\r\n\t\t\t\t\tPara varejistas\t\t\t\t<\/div>\r\n\t\t\t\t\r\n          \t<div class=\"exad-card-body\">\r\n\t\t\t  \t\t          \t\t<a class=\"exad-card-title\" href=\"https:\/\/pegasuslp.com.br\/wp2\/black-friday\/\" target=\"_blank\">\r\n\t            \t\t<span>VENDA MAIS: veja 3 dicas para sua loja lucrar mais\t\t\t\t\t\t<\/span>\r\n\t        \t\t<\/a>\r\n\t\t\t\t\t<div class=\"exad-card-description\">Chega de se perder em planilhas e quebrar a cabe\u00e7a com estrat\u00e9gias mirabolantes para sua loja. Venda mais e foque nos lucros da sua empresa. Acompanhe a leitura abaixo e saiba mais.<\/div>\t\t\t\t\t<a class=\"exad-card-action\" href=\"https:\/\/pegasuslp.com.br\/wp2\/vender-mais-3-dicas\/\" target=\"_blank\">\r\n\t\t\t\t\t\t\r\n\t\t\t\t\t\t<span>\r\n\t\t\t\t\t\t\tContinue lendo\t\t\t\t\t\t<\/span>\r\n\r\n\t\t\t\t\t\t\t            \t<\/a>\r\n\t\t\t\t          \t<\/div>\r\n        <\/div>\r\n\t\t\t\t\t<\/div>\n\t\t\t\t<\/div>\n\t\t\t\t\t<\/div>\n\t\t<\/div>\n\t\t\t\t<div class=\"elementor-column elementor-col-33 elementor-inner-column elementor-element elementor-element-d9de3d0 exad-glass-effect-no exad-sticky-section-no\" data-id=\"d9de3d0\" data-element_type=\"column\" data-e-type=\"column\">\n\t\t\t<div class=\"elementor-widget-wrap elementor-element-populated\">\n\t\t\t\t\t\t<div class=\"elementor-element elementor-element-cb8c4e7 exad-sticky-section-no exad-glass-effect-no elementor-widget elementor-widget-exad-exclusive-card\" data-id=\"cb8c4e7\" data-element_type=\"widget\" data-e-type=\"widget\" data-widget_type=\"exad-exclusive-card.default\">\n\t\t\t\t<div class=\"elementor-widget-container\">\n\t\t\t\t\t\r\n\t\t<div class=\"exad-card left default yes\">\r\n\t\t\t\t        \t<div class=\"exad-card-thumb\">\r\n\t\t\t\t\t<img decoding=\"async\" width=\"2000\" height=\"1333\" src=\"https:\/\/pegasuslp.com.br\/wp2\/wp-content\/uploads\/2023\/10\/15877.jpg\" class=\"attachment-full size-full wp-image-6988\" alt=\"\" srcset=\"https:\/\/pegasuslp.com.br\/wp2\/wp-content\/uploads\/2023\/10\/15877.jpg 2000w, https:\/\/pegasuslp.com.br\/wp2\/wp-content\/uploads\/2023\/10\/15877-300x200.jpg 300w, https:\/\/pegasuslp.com.br\/wp2\/wp-content\/uploads\/2023\/10\/15877-1024x682.jpg 1024w, https:\/\/pegasuslp.com.br\/wp2\/wp-content\/uploads\/2023\/10\/15877-768x512.jpg 768w, https:\/\/pegasuslp.com.br\/wp2\/wp-content\/uploads\/2023\/10\/15877-1536x1024.jpg 1536w\" sizes=\"(max-width: 2000px) 100vw, 2000px\" \/>\t\t\t\t<\/div>\r\n\t\t\t\t\t\t\t<div class=\"exad-card-badge\">\r\n\t\t\t\t\tPara varejistas\t\t\t\t<\/div>\r\n\t\t\t\t\r\n          \t<div class=\"exad-card-body\">\r\n\t\t\t  \t\t          \t\t<a class=\"exad-card-title\" href=\"https:\/\/pegasuslp.com.br\/wp2\/black-friday\/\" target=\"_blank\">\r\n\t            \t\t<span>Estrat\u00e9gias para o Sucesso na Black Friday: Prepare-se para Vender Mais\t\t\t\t\t\t<\/span>\r\n\t        \t\t<\/a>\r\n\t\t\t\t\t<div class=\"exad-card-description\">A Black Friday est\u00e1 chegando e, como lojista ou comerciante, \u00e9 hora de se\npreparar para aproveitar ao m\u00e1ximo essa data crucial para as vendas.<\/div>\t\t\t\t\t<a class=\"exad-card-action\" href=\"https:\/\/pegasuslp.com.br\/wp2\/estrategias-para-o-sucesso-na-black-friday-prepare-se-para-vender-mais\" target=\"_blank\">\r\n\t\t\t\t\t\t\r\n\t\t\t\t\t\t<span>\r\n\t\t\t\t\t\t\tContinue lendo\t\t\t\t\t\t<\/span>\r\n\r\n\t\t\t\t\t\t\t            \t<\/a>\r\n\t\t\t\t          \t<\/div>\r\n        <\/div>\r\n\t\t\t\t\t<\/div>\n\t\t\t\t<\/div>\n\t\t\t\t\t<\/div>\n\t\t<\/div>\n\t\t\t\t\t<\/div>\n\t\t<\/section>\n\t\t\t\t\t<\/div>\n\t\t<\/div>\n\t\t\t\t\t<\/div>\n\t\t<\/section>\n\t\t\t\t<\/div>\n\t\t","protected":false},"excerpt":{"rendered":"<p>Excel\u00eancia e experi\u00eancia Acompanhe nossas postagens! A Pegasus Sistemas \u00e9 feita DE empreendedores PARA empreendedores. Acompanhe as nossas postagens e fique por dentro das novidades do sistema e do mercado varejista. Seja uma pot\u00eancia no seu segmento! Para varejistas Black Friday: tecnologia como aliada nas vendas A import\u00e2ncia de otimizar os processos da sua empresa, [&hellip;]<\/p>\n","protected":false},"author":2,"featured_media":0,"parent":0,"menu_order":0,"comment_status":"closed","ping_status":"closed","template":"","meta":{"om_disable_all_campaigns":false,"_monsterinsights_skip_tracking":false,"_monsterinsights_sitenote_active":false,"_monsterinsights_sitenote_note":"","_monsterinsights_sitenote_category":0,"footnotes":""},"class_list":["post-2734","page","type-page","status-publish","hentry"],"aioseo_notices":[],"yoast_head":"<!-- This site is optimized with the Yoast SEO plugin v27.2 - https:\/\/yoast.com\/product\/yoast-seo-wordpress\/ -->\n<title>Blog - Pegasus Sistemas - Pegasus SISTEMAS<\/title>\n<meta name=\"description\" content=\"Acompanhe as nossas postagens e fique por dentro das novidades do mercado varejista.\" \/>\n<meta name=\"robots\" content=\"index, follow, max-snippet:-1, max-image-preview:large, max-video-preview:-1\" \/>\n<link rel=\"canonical\" href=\"https:\/\/pegasuslp.com.br\/wp2\/blog-pegasus-sistemas\/\" \/>\n<meta property=\"og:locale\" content=\"pt_PT\" \/>\n<meta property=\"og:type\" content=\"article\" \/>\n<meta property=\"og:title\" content=\"Blog - Pegasus Sistemas - Pegasus SISTEMAS\" \/>\n<meta property=\"og:description\" content=\"Acompanhe as nossas postagens e fique por dentro das novidades do mercado varejista.\" \/>\n<meta property=\"og:url\" content=\"https:\/\/pegasuslp.com.br\/wp2\/blog-pegasus-sistemas\/\" \/>\n<meta property=\"og:site_name\" content=\"Pegasus SISTEMAS\" \/>\n<meta property=\"article:publisher\" content=\"https:\/\/www.facebook.com\/pegasuslp\" \/>\n<meta property=\"article:modified_time\" content=\"2023-10-18T23:52:23+00:00\" \/>\n<meta property=\"og:image\" content=\"https:\/\/pegasuslp.com.br\/wp2\/wp-content\/uploads\/2023\/10\/smartphone-perto-de-laptop-e-carrinho-de-compras.jpg\" \/>\n<meta name=\"twitter:card\" content=\"summary_large_image\" \/>\n<meta name=\"twitter:label1\" content=\"Tempo estimado de leitura\" \/>\n\t<meta name=\"twitter:data1\" content=\"2 minutos\" \/>\n<script type=\"application\/ld+json\" class=\"yoast-schema-graph\">{\"@context\":\"https:\/\/schema.org\",\"@graph\":[{\"@type\":\"WebPage\",\"@id\":\"https:\/\/pegasuslp.com.br\/wp2\/blog-pegasus-sistemas\/\",\"url\":\"https:\/\/pegasuslp.com.br\/wp2\/blog-pegasus-sistemas\/\",\"name\":\"Blog - Pegasus Sistemas - Pegasus SISTEMAS\",\"isPartOf\":{\"@id\":\"https:\/\/pegasuslp.com.br\/wp2\/#website\"},\"primaryImageOfPage\":{\"@id\":\"https:\/\/pegasuslp.com.br\/wp2\/blog-pegasus-sistemas\/#primaryimage\"},\"image\":{\"@id\":\"https:\/\/pegasuslp.com.br\/wp2\/blog-pegasus-sistemas\/#primaryimage\"},\"thumbnailUrl\":\"https:\/\/pegasuslp.com.br\/wp2\/wp-content\/uploads\/2023\/10\/smartphone-perto-de-laptop-e-carrinho-de-compras.jpg\",\"datePublished\":\"2022-11-03T14:34:38+00:00\",\"dateModified\":\"2023-10-18T23:52:23+00:00\",\"description\":\"Acompanhe as nossas postagens e fique por dentro das novidades do mercado varejista.\",\"breadcrumb\":{\"@id\":\"https:\/\/pegasuslp.com.br\/wp2\/blog-pegasus-sistemas\/#breadcrumb\"},\"inLanguage\":\"pt-PT\",\"potentialAction\":[{\"@type\":\"ReadAction\",\"target\":[\"https:\/\/pegasuslp.com.br\/wp2\/blog-pegasus-sistemas\/\"]}]},{\"@type\":\"ImageObject\",\"inLanguage\":\"pt-PT\",\"@id\":\"https:\/\/pegasuslp.com.br\/wp2\/blog-pegasus-sistemas\/#primaryimage\",\"url\":\"https:\/\/pegasuslp.com.br\/wp2\/wp-content\/uploads\/2023\/10\/smartphone-perto-de-laptop-e-carrinho-de-compras.jpg\",\"contentUrl\":\"https:\/\/pegasuslp.com.br\/wp2\/wp-content\/uploads\/2023\/10\/smartphone-perto-de-laptop-e-carrinho-de-compras.jpg\",\"width\":2000,\"height\":1334},{\"@type\":\"BreadcrumbList\",\"@id\":\"https:\/\/pegasuslp.com.br\/wp2\/blog-pegasus-sistemas\/#breadcrumb\",\"itemListElement\":[{\"@type\":\"ListItem\",\"position\":1,\"name\":\"In\u00edcio\",\"item\":\"https:\/\/pegasuslp.com.br\/wp2\/\"},{\"@type\":\"ListItem\",\"position\":2,\"name\":\"Blog &#8211; Pegasus Sistemas\"}]},{\"@type\":\"WebSite\",\"@id\":\"https:\/\/pegasuslp.com.br\/wp2\/#website\",\"url\":\"https:\/\/pegasuslp.com.br\/wp2\/\",\"name\":\"Pegasus SISTEMAS\",\"description\":\"Pegasus Sistemas\",\"potentialAction\":[{\"@type\":\"SearchAction\",\"target\":{\"@type\":\"EntryPoint\",\"urlTemplate\":\"https:\/\/pegasuslp.com.br\/wp2\/?s={search_term_string}\"},\"query-input\":{\"@type\":\"PropertyValueSpecification\",\"valueRequired\":true,\"valueName\":\"search_term_string\"}}],\"inLanguage\":\"pt-PT\"}]}<\/script>\n<!-- \/ Yoast SEO plugin. -->","yoast_head_json":{"title":"Blog - Pegasus Sistemas - Pegasus SISTEMAS","description":"Acompanhe as nossas postagens e fique por dentro das novidades do mercado varejista.","robots":{"index":"index","follow":"follow","max-snippet":"max-snippet:-1","max-image-preview":"max-image-preview:large","max-video-preview":"max-video-preview:-1"},"canonical":"https:\/\/pegasuslp.com.br\/wp2\/blog-pegasus-sistemas\/","og_locale":"pt_PT","og_type":"article","og_title":"Blog - Pegasus Sistemas - Pegasus SISTEMAS","og_description":"Acompanhe as nossas postagens e fique por dentro das novidades do mercado varejista.","og_url":"https:\/\/pegasuslp.com.br\/wp2\/blog-pegasus-sistemas\/","og_site_name":"Pegasus SISTEMAS","article_publisher":"https:\/\/www.facebook.com\/pegasuslp","article_modified_time":"2023-10-18T23:52:23+00:00","og_image":[{"url":"https:\/\/pegasuslp.com.br\/wp2\/wp-content\/uploads\/2023\/10\/smartphone-perto-de-laptop-e-carrinho-de-compras.jpg","type":"","width":"","height":""}],"twitter_card":"summary_large_image","twitter_misc":{"Tempo estimado de leitura":"2 minutos"},"schema":{"@context":"https:\/\/schema.org","@graph":[{"@type":"WebPage","@id":"https:\/\/pegasuslp.com.br\/wp2\/blog-pegasus-sistemas\/","url":"https:\/\/pegasuslp.com.br\/wp2\/blog-pegasus-sistemas\/","name":"Blog - Pegasus Sistemas - Pegasus SISTEMAS","isPartOf":{"@id":"https:\/\/pegasuslp.com.br\/wp2\/#website"},"primaryImageOfPage":{"@id":"https:\/\/pegasuslp.com.br\/wp2\/blog-pegasus-sistemas\/#primaryimage"},"image":{"@id":"https:\/\/pegasuslp.com.br\/wp2\/blog-pegasus-sistemas\/#primaryimage"},"thumbnailUrl":"https:\/\/pegasuslp.com.br\/wp2\/wp-content\/uploads\/2023\/10\/smartphone-perto-de-laptop-e-carrinho-de-compras.jpg","datePublished":"2022-11-03T14:34:38+00:00","dateModified":"2023-10-18T23:52:23+00:00","description":"Acompanhe as nossas postagens e fique por dentro das novidades do mercado varejista.","breadcrumb":{"@id":"https:\/\/pegasuslp.com.br\/wp2\/blog-pegasus-sistemas\/#breadcrumb"},"inLanguage":"pt-PT","potentialAction":[{"@type":"ReadAction","target":["https:\/\/pegasuslp.com.br\/wp2\/blog-pegasus-sistemas\/"]}]},{"@type":"ImageObject","inLanguage":"pt-PT","@id":"https:\/\/pegasuslp.com.br\/wp2\/blog-pegasus-sistemas\/#primaryimage","url":"https:\/\/pegasuslp.com.br\/wp2\/wp-content\/uploads\/2023\/10\/smartphone-perto-de-laptop-e-carrinho-de-compras.jpg","contentUrl":"https:\/\/pegasuslp.com.br\/wp2\/wp-content\/uploads\/2023\/10\/smartphone-perto-de-laptop-e-carrinho-de-compras.jpg","width":2000,"height":1334},{"@type":"BreadcrumbList","@id":"https:\/\/pegasuslp.com.br\/wp2\/blog-pegasus-sistemas\/#breadcrumb","itemListElement":[{"@type":"ListItem","position":1,"name":"In\u00edcio","item":"https:\/\/pegasuslp.com.br\/wp2\/"},{"@type":"ListItem","position":2,"name":"Blog &#8211; Pegasus Sistemas"}]},{"@type":"WebSite","@id":"https:\/\/pegasuslp.com.br\/wp2\/#website","url":"https:\/\/pegasuslp.com.br\/wp2\/","name":"Pegasus SISTEMAS","description":"Pegasus Sistemas","potentialAction":[{"@type":"SearchAction","target":{"@type":"EntryPoint","urlTemplate":"https:\/\/pegasuslp.com.br\/wp2\/?s={search_term_string}"},"query-input":{"@type":"PropertyValueSpecification","valueRequired":true,"valueName":"search_term_string"}}],"inLanguage":"pt-PT"}]}},"_links":{"self":[{"href":"https:\/\/pegasuslp.com.br\/wp2\/wp-json\/wp\/v2\/pages\/2734","targetHints":{"allow":["GET"]}}],"collection":[{"href":"https:\/\/pegasuslp.com.br\/wp2\/wp-json\/wp\/v2\/pages"}],"about":[{"href":"https:\/\/pegasuslp.com.br\/wp2\/wp-json\/wp\/v2\/types\/page"}],"author":[{"embeddable":true,"href":"https:\/\/pegasuslp.com.br\/wp2\/wp-json\/wp\/v2\/users\/2"}],"replies":[{"embeddable":true,"href":"https:\/\/pegasuslp.com.br\/wp2\/wp-json\/wp\/v2\/comments?post=2734"}],"version-history":[{"count":63,"href":"https:\/\/pegasuslp.com.br\/wp2\/wp-json\/wp\/v2\/pages\/2734\/revisions"}],"predecessor-version":[{"id":6991,"href":"https:\/\/pegasuslp.com.br\/wp2\/wp-json\/wp\/v2\/pages\/2734\/revisions\/6991"}],"wp:attachment":[{"href":"https:\/\/pegasuslp.com.br\/wp2\/wp-json\/wp\/v2\/media?parent=2734"}],"curies":[{"name":"wp","href":"https:\/\/api.w.org\/{rel}","templated":true}]}}