{"id":496,"date":"2022-08-20T13:55:07","date_gmt":"2022-08-20T13:55:07","guid":{"rendered":"https:\/\/pegasuslp.com.br\/wp2\/?page_id=496"},"modified":"2025-09-11T12:51:50","modified_gmt":"2025-09-11T12:51:50","slug":"trabalhe-conosco","status":"publish","type":"page","link":"https:\/\/pegasuslp.com.br\/wp2\/trabalhe-conosco\/","title":{"rendered":"Trabalhe conosco"},"content":{"rendered":"\t\t<div data-elementor-type=\"wp-page\" data-elementor-id=\"496\" class=\"elementor elementor-496\">\n\t\t\t\t\t\t<section class=\"elementor-section elementor-top-section elementor-element elementor-element-26de4db9 elementor-section-boxed elementor-section-height-default elementor-section-height-default exad-glass-effect-no exad-sticky-section-no\" data-id=\"26de4db9\" data-element_type=\"section\" data-e-type=\"section\" data-settings=\"{&quot;background_background&quot;:&quot;classic&quot;,&quot;shape_divider_bottom&quot;:&quot;mountains&quot;}\">\n\t\t\t\t\t\t\t<div class=\"elementor-background-overlay\"><\/div>\n\t\t\t\t\t\t<div class=\"elementor-shape elementor-shape-bottom\" aria-hidden=\"true\" data-negative=\"false\">\n\t\t\t<svg xmlns=\"http:\/\/www.w3.org\/2000\/svg\" viewBox=\"0 0 1000 100\" preserveAspectRatio=\"none\">\n\t<path class=\"elementor-shape-fill\" opacity=\"0.33\" d=\"M473,67.3c-203.9,88.3-263.1-34-320.3,0C66,119.1,0,59.7,0,59.7V0h1000v59.7 c0,0-62.1,26.1-94.9,29.3c-32.8,3.3-62.8-12.3-75.8-22.1C806,49.6,745.3,8.7,694.9,4.7S492.4,59,473,67.3z\"\/>\n\t<path class=\"elementor-shape-fill\" opacity=\"0.66\" d=\"M734,67.3c-45.5,0-77.2-23.2-129.1-39.1c-28.6-8.7-150.3-10.1-254,39.1 s-91.7-34.4-149.2,0C115.7,118.3,0,39.8,0,39.8V0h1000v36.5c0,0-28.2-18.5-92.1-18.5C810.2,18.1,775.7,67.3,734,67.3z\"\/>\n\t<path class=\"elementor-shape-fill\" d=\"M766.1,28.9c-200-57.5-266,65.5-395.1,19.5C242,1.8,242,5.4,184.8,20.6C128,35.8,132.3,44.9,89.9,52.5C28.6,63.7,0,0,0,0 h1000c0,0-9.9,40.9-83.6,48.1S829.6,47,766.1,28.9z\"\/>\n<\/svg>\t\t<\/div>\n\t\t\t\t\t<div class=\"elementor-container elementor-column-gap-no\">\n\t\t\t\t\t<div class=\"elementor-column elementor-col-100 elementor-top-column elementor-element elementor-element-6a379a4f exad-glass-effect-no exad-sticky-section-no\" data-id=\"6a379a4f\" data-element_type=\"column\" data-e-type=\"column\">\n\t\t\t<div class=\"elementor-widget-wrap elementor-element-populated\">\n\t\t\t\t\t\t<section class=\"elementor-section elementor-inner-section elementor-element elementor-element-6f9e04d6 elementor-section-boxed elementor-section-height-default elementor-section-height-default exad-glass-effect-no exad-sticky-section-no\" data-id=\"6f9e04d6\" data-element_type=\"section\" data-e-type=\"section\">\n\t\t\t\t\t\t<div class=\"elementor-container elementor-column-gap-default\">\n\t\t\t\t\t<div class=\"elementor-column elementor-col-50 elementor-inner-column elementor-element elementor-element-3226d101 exad-glass-effect-no exad-sticky-section-no\" data-id=\"3226d101\" data-element_type=\"column\" data-e-type=\"column\">\n\t\t\t<div class=\"elementor-widget-wrap elementor-element-populated\">\n\t\t\t\t\t\t<div class=\"elementor-element elementor-element-44e72a13 exad-sticky-section-no exad-glass-effect-no elementor-widget elementor-widget-elementskit-heading\" data-id=\"44e72a13\" data-element_type=\"widget\" data-e-type=\"widget\" data-widget_type=\"elementskit-heading.default\">\n\t\t\t\t<div class=\"elementor-widget-container\">\n\t\t\t\t\t<div class=\"ekit-wid-con\" ><div class=\"ekit-heading elementskit-section-title-wraper text_left   ekit_heading_tablet-   ekit_heading_mobile-\"><span class=\"elementskit-section-subtitle  elementskit-style-border\">\n\t\t\t\t\t\tVenha fazer parte da equipe PEGASUS\n\t\t\t\t\t<\/span><h2 class=\"ekit-heading--title elementskit-section-title \">TRABALHE CONOSCO<\/h2>\t\t\t\t<div class='ekit-heading__description'>\n\t\t\t\t\t<p>Aqui na PEGASUS o desenvolvimento faz parte do nosso DNA.<\/p>\n\t\t\t\t<\/div>\n\t\t\t<\/div><\/div>\t\t\t\t<\/div>\n\t\t\t\t<\/div>\n\t\t\t\t\t<\/div>\n\t\t<\/div>\n\t\t\t\t<div class=\"elementor-column elementor-col-50 elementor-inner-column elementor-element elementor-element-26174484 exad-glass-effect-no exad-sticky-section-no\" data-id=\"26174484\" data-element_type=\"column\" data-e-type=\"column\">\n\t\t\t<div class=\"elementor-widget-wrap\">\n\t\t\t\t\t\t\t<\/div>\n\t\t<\/div>\n\t\t\t\t\t<\/div>\n\t\t<\/section>\n\t\t\t\t\t<\/div>\n\t\t<\/div>\n\t\t\t\t\t<\/div>\n\t\t<\/section>\n\t\t\t\t<section class=\"elementor-section elementor-top-section elementor-element elementor-element-668d00b5 elementor-section-boxed elementor-section-height-default elementor-section-height-default exad-glass-effect-no exad-sticky-section-no\" data-id=\"668d00b5\" data-element_type=\"section\" data-e-type=\"section\">\n\t\t\t\t\t\t<div class=\"elementor-container elementor-column-gap-default\">\n\t\t\t\t\t<div class=\"elementor-column elementor-col-100 elementor-top-column elementor-element elementor-element-38279297 exad-glass-effect-no exad-sticky-section-no\" data-id=\"38279297\" data-element_type=\"column\" data-e-type=\"column\">\n\t\t\t<div class=\"elementor-widget-wrap elementor-element-populated\">\n\t\t\t\t\t\t<section class=\"elementor-section elementor-inner-section elementor-element elementor-element-45b3727 elementor-section-boxed elementor-section-height-default elementor-section-height-default exad-glass-effect-no exad-sticky-section-no\" data-id=\"45b3727\" data-element_type=\"section\" data-e-type=\"section\">\n\t\t\t\t\t\t<div class=\"elementor-container elementor-column-gap-default\">\n\t\t\t\t\t<div class=\"elementor-column elementor-col-100 elementor-inner-column elementor-element elementor-element-2ac2bf00 exad-glass-effect-no exad-sticky-section-no\" data-id=\"2ac2bf00\" data-element_type=\"column\" data-e-type=\"column\">\n\t\t\t<div class=\"elementor-widget-wrap elementor-element-populated\">\n\t\t\t\t\t\t<div class=\"elementor-element elementor-element-2dcc3301 exad-sticky-section-no exad-glass-effect-no elementor-widget elementor-widget-elementskit-heading\" data-id=\"2dcc3301\" data-element_type=\"widget\" data-e-type=\"widget\" data-widget_type=\"elementskit-heading.default\">\n\t\t\t\t<div class=\"elementor-widget-container\">\n\t\t\t\t\t<div class=\"ekit-wid-con\" ><div class=\"ekit-heading elementskit-section-title-wraper center   ekit_heading_tablet-   ekit_heading_mobile-\"><h2 class=\"ekit-heading--title elementskit-section-title \">Envie seu curriculum<\/h2><div class=\"ekit_heading_separetor_wraper ekit_heading_elementskit-border-divider ekit-dotted\"><div class=\"elementskit-border-divider ekit-dotted\"><\/div><\/div><\/div><\/div>\t\t\t\t<\/div>\n\t\t\t\t<\/div>\n\t\t\t\t<div class=\"elementor-element elementor-element-b2c31fb exad-sticky-section-no exad-glass-effect-no elementor-widget elementor-widget-shortcode\" data-id=\"b2c31fb\" data-element_type=\"widget\" data-e-type=\"widget\" data-widget_type=\"shortcode.default\">\n\t\t\t\t<div class=\"elementor-widget-container\">\n\t\t\t\t\t\t\t<div class=\"elementor-shortcode\"><div class=\"forminator-ui forminator-custom-form forminator-custom-form-522 forminator-design--material  forminator_ajax\" data-forminator-render=\"0\" data-form=\"forminator-module-522\" data-uid=\"6a079f8af341e\"><br\/><\/div><form\n\t\t\t\tid=\"forminator-module-522\"\n\t\t\t\tclass=\"forminator-ui forminator-custom-form forminator-custom-form-522 forminator-design--material  forminator_ajax\"\n\t\t\t\tmethod=\"post\"\n\t\t\t\tdata-forminator-render=\"0\"\n\t\t\t\tdata-form-id=\"522\"\n\t\t\t\tenctype=\"multipart\/form-data\" data-color-option=\"default\" data-design=\"material\" data-grid=\"open\" style=\"display: none;\"\n\t\t\t\tdata-uid=\"6a079f8af341e\"\n\t\t\t><div role=\"alert\" aria-live=\"polite\" class=\"forminator-response-message forminator-error\" aria-hidden=\"true\"><\/div><div class=\"forminator-row\"><div id=\"name-1\" class=\"forminator-field-name forminator-col forminator-col-6 \"><div class=\"forminator-field\"><label for=\"forminator-field-name-1_6a079f8af341e\" id=\"forminator-field-name-1_6a079f8af341e-label\" class=\"forminator-label\">Nome <span class=\"forminator-required\">*<\/span><\/label><input type=\"text\" name=\"name-1\" value=\"\" placeholder=\"\" id=\"forminator-field-name-1_6a079f8af341e\" class=\"forminator-input forminator-name--field\" aria-required=\"true\" autocomplete=\"name\" \/><\/div><\/div><div id=\"email-1\" class=\"forminator-field-email forminator-col forminator-col-6 \"><div class=\"forminator-field\"><label for=\"forminator-field-email-1_6a079f8af341e\" id=\"forminator-field-email-1_6a079f8af341e-label\" class=\"forminator-label\">e-mail <span class=\"forminator-required\">*<\/span><\/label><input type=\"email\" name=\"email-1\" value=\"\" placeholder=\"\" id=\"forminator-field-email-1_6a079f8af341e\" class=\"forminator-input forminator-email--field\" data-required=\"true\" aria-required=\"true\" autocomplete=\"email\" \/><\/div><\/div><\/div><div class=\"forminator-row\"><div id=\"phone-1\" class=\"forminator-field-phone forminator-col forminator-col-12 \"><div class=\"forminator-field\"><label for=\"forminator-field-phone-1_6a079f8af341e\" id=\"forminator-field-phone-1_6a079f8af341e-label\" class=\"forminator-label\">Celular \/ Telefone <span class=\"forminator-required\">*<\/span><\/label><input type=\"text\" name=\"phone-1\" value=\"\" placeholder=\"\" id=\"forminator-field-phone-1_6a079f8af341e\" class=\"forminator-input forminator-field--phone\" data-required=\"1\" aria-required=\"true\" autocomplete=\"off\" \/><\/div><\/div><\/div><div class=\"forminator-row\"><div id=\"select-1\" class=\"forminator-field-select forminator-col forminator-col-12 \"><div class=\"forminator-field\"><label for=\"forminator-form-522__field--select-1_6a079f8af341e\" id=\"forminator-form-522__field--select-1_6a079f8af341e-label\" class=\"forminator-label\">\u00c1rea de atua\u00e7\u00e3o <span class=\"forminator-required\">*<\/span><\/label><select  id=\"forminator-form-522__field--select-1_6a079f8af341e\" class=\"forminator-select--field forminator-select2 forminator-select2-multiple\" data-required=\"1\" name=\"select-1\" data-default-value=\"\" data-placeholder=\"Selecione\" data-search=\"false\" data-search-placeholder=\"Selecione\" data-checkbox=\"false\" data-allow-clear=\"false\" aria-labelledby=\"forminator-form-522__field--select-1_6a079f8af341e-label\"><option value=\"\"  >Selecione<\/option><option value=\"Consultor\"  data-calculation=\"0\">Consultoria<\/option><option value=\"Desenvolvimento\"  data-calculation=\"0\">Desenvolvimento<\/option><option value=\"Suporte-t\u00e9cnico-ao-cliente\"  data-calculation=\"0\">Suporte ao cliente<\/option><option value=\"Administrativo---Financeiro\"  data-calculation=\"0\">Administrativo \/ Financeiro<\/option><option value=\"Estagi\u00e1rio\"  data-calculation=\"0\">Estagi\u00e1rio<\/option><\/select><\/div><\/div><\/div><div class=\"forminator-row\"><div id=\"upload-1\" class=\"forminator-field-upload forminator-col forminator-col-12 \"><div class=\"forminator-field\"><label for=\"forminator-field-upload-1_6a079f8af341e\" id=\"forminator-field-upload-1_6a079f8af341e-label\" class=\"forminator-label\">Curriculum em PDF para envio <span class=\"forminator-required\">*<\/span><\/label><div class=\"forminator-file-upload \" data-element=\"upload-1_6a079f8af341e\" aria-describedby=\"forminator-field-upload-1_6a079f8af341e-description\"><input type=\"file\" name=\"upload-1\" id=\"forminator-field-upload-1_6a079f8af341e\" class=\"forminator-input-file-required do-validate\" accept=\".webp,.pdf\" tabindex=\"-1\"><button id=\"forminator-field-upload-1_6a079f8af341e_button\" class=\"forminator-button forminator-button-upload\" data-id=\"forminator-field-upload-1_6a079f8af341e\">Choose File<\/button><span data-empty-text=\"No file chosen\">No file chosen<\/span><button class=\"forminator-button-delete\" style=\"display: none;\"><i class=\"forminator-icon-close\" aria-hidden=\"true\"><\/i><span class=\"forminator-screen-reader-only\">Delete uploaded file<\/span><\/button><\/div><span id=\"forminator-field-upload-1_6a079f8af341e-description\" class=\"forminator-description\">Selecione seu arquivo para envio.<\/span><\/div><\/div><\/div><input type=\"hidden\" name=\"referer_url\" value=\"\" \/><div class=\"forminator-row forminator-row-last\"><div class=\"forminator-col\"><div class=\"forminator-field\"><button class=\"forminator-button forminator-button-submit\"><span>Enviar<\/span><span aria-hidden=\"true\"><\/span><\/button><\/div><\/div><\/div><input type=\"hidden\" id=\"forminator_nonce\" name=\"forminator_nonce\" value=\"4a46e77836\" \/><input type=\"hidden\" name=\"_wp_http_referer\" value=\"\/wp2\/wp-json\/wp\/v2\/pages\/496\" \/><input type=\"hidden\" name=\"form_id\" value=\"522\"><input type=\"hidden\" name=\"page_id\" value=\"496\"><input type=\"hidden\" name=\"form_type\" value=\"default\"><input type=\"hidden\" name=\"current_url\" value=\"https:\/\/pegasuslp.com.br\/wp2\/trabalhe-conosco\/\"><input type=\"hidden\" name=\"render_id\" value=\"0\"><input type=\"hidden\" name=\"action\" value=\"forminator_submit_form_custom-forms\"><\/form><\/div>\n\t\t\t\t\t\t<\/div>\n\t\t\t\t<\/div>\n\t\t\t\t\t<\/div>\n\t\t<\/div>\n\t\t\t\t\t<\/div>\n\t\t<\/section>\n\t\t\t\t\t<\/div>\n\t\t<\/div>\n\t\t\t\t\t<\/div>\n\t\t<\/section>\n\t\t\t\t<\/div>\n\t\t","protected":false},"excerpt":{"rendered":"<p>Venha fazer parte da equipe PEGASUS TRABALHE CONOSCO Aqui na PEGASUS o desenvolvimento faz parte do nosso DNA. Envie seu curriculum<\/p>\n","protected":false},"author":2,"featured_media":0,"parent":0,"menu_order":0,"comment_status":"closed","ping_status":"closed","template":"","meta":{"om_disable_all_campaigns":false,"_monsterinsights_skip_tracking":false,"_monsterinsights_sitenote_active":false,"_monsterinsights_sitenote_note":"","_monsterinsights_sitenote_category":0,"footnotes":""},"class_list":["post-496","page","type-page","status-publish","hentry"],"aioseo_notices":[],"yoast_head":"<!-- This site is optimized with the Yoast SEO plugin v27.2 - https:\/\/yoast.com\/product\/yoast-seo-wordpress\/ -->\n<title>Trabalhe conosco - Pegasus SISTEMAS<\/title>\n<meta name=\"robots\" content=\"index, follow, max-snippet:-1, max-image-preview:large, max-video-preview:-1\" \/>\n<link rel=\"canonical\" href=\"https:\/\/pegasuslp.com.br\/wp2\/trabalhe-conosco\/\" \/>\n<meta property=\"og:locale\" content=\"pt_PT\" \/>\n<meta property=\"og:type\" content=\"article\" \/>\n<meta property=\"og:title\" content=\"Trabalhe conosco - Pegasus SISTEMAS\" \/>\n<meta property=\"og:description\" content=\"Venha fazer parte da equipe PEGASUS TRABALHE CONOSCO Aqui na PEGASUS o desenvolvimento faz parte do nosso DNA. Envie seu curriculum\" \/>\n<meta property=\"og:url\" content=\"https:\/\/pegasuslp.com.br\/wp2\/trabalhe-conosco\/\" \/>\n<meta property=\"og:site_name\" content=\"Pegasus SISTEMAS\" \/>\n<meta property=\"article:publisher\" content=\"https:\/\/www.facebook.com\/pegasuslp\" \/>\n<meta property=\"article:modified_time\" content=\"2025-09-11T12:51:50+00:00\" \/>\n<meta name=\"twitter:card\" content=\"summary_large_image\" \/>\n<meta name=\"twitter:label1\" content=\"Tempo estimado de leitura\" \/>\n\t<meta name=\"twitter:data1\" content=\"1 minuto\" \/>\n<script type=\"application\/ld+json\" class=\"yoast-schema-graph\">{\"@context\":\"https:\/\/schema.org\",\"@graph\":[{\"@type\":\"WebPage\",\"@id\":\"https:\/\/pegasuslp.com.br\/wp2\/trabalhe-conosco\/\",\"url\":\"https:\/\/pegasuslp.com.br\/wp2\/trabalhe-conosco\/\",\"name\":\"Trabalhe conosco - Pegasus SISTEMAS\",\"isPartOf\":{\"@id\":\"https:\/\/pegasuslp.com.br\/wp2\/#website\"},\"datePublished\":\"2022-08-20T13:55:07+00:00\",\"dateModified\":\"2025-09-11T12:51:50+00:00\",\"breadcrumb\":{\"@id\":\"https:\/\/pegasuslp.com.br\/wp2\/trabalhe-conosco\/#breadcrumb\"},\"inLanguage\":\"pt-PT\",\"potentialAction\":[{\"@type\":\"ReadAction\",\"target\":[\"https:\/\/pegasuslp.com.br\/wp2\/trabalhe-conosco\/\"]}]},{\"@type\":\"BreadcrumbList\",\"@id\":\"https:\/\/pegasuslp.com.br\/wp2\/trabalhe-conosco\/#breadcrumb\",\"itemListElement\":[{\"@type\":\"ListItem\",\"position\":1,\"name\":\"In\u00edcio\",\"item\":\"https:\/\/pegasuslp.com.br\/wp2\/\"},{\"@type\":\"ListItem\",\"position\":2,\"name\":\"Trabalhe conosco\"}]},{\"@type\":\"WebSite\",\"@id\":\"https:\/\/pegasuslp.com.br\/wp2\/#website\",\"url\":\"https:\/\/pegasuslp.com.br\/wp2\/\",\"name\":\"Pegasus SISTEMAS\",\"description\":\"Pegasus Sistemas\",\"potentialAction\":[{\"@type\":\"SearchAction\",\"target\":{\"@type\":\"EntryPoint\",\"urlTemplate\":\"https:\/\/pegasuslp.com.br\/wp2\/?s={search_term_string}\"},\"query-input\":{\"@type\":\"PropertyValueSpecification\",\"valueRequired\":true,\"valueName\":\"search_term_string\"}}],\"inLanguage\":\"pt-PT\"}]}<\/script>\n<!-- \/ Yoast SEO plugin. -->","yoast_head_json":{"title":"Trabalhe conosco - Pegasus SISTEMAS","robots":{"index":"index","follow":"follow","max-snippet":"max-snippet:-1","max-image-preview":"max-image-preview:large","max-video-preview":"max-video-preview:-1"},"canonical":"https:\/\/pegasuslp.com.br\/wp2\/trabalhe-conosco\/","og_locale":"pt_PT","og_type":"article","og_title":"Trabalhe conosco - Pegasus SISTEMAS","og_description":"Venha fazer parte da equipe PEGASUS TRABALHE CONOSCO Aqui na PEGASUS o desenvolvimento faz parte do nosso DNA. Envie seu curriculum","og_url":"https:\/\/pegasuslp.com.br\/wp2\/trabalhe-conosco\/","og_site_name":"Pegasus SISTEMAS","article_publisher":"https:\/\/www.facebook.com\/pegasuslp","article_modified_time":"2025-09-11T12:51:50+00:00","twitter_card":"summary_large_image","twitter_misc":{"Tempo estimado de leitura":"1 minuto"},"schema":{"@context":"https:\/\/schema.org","@graph":[{"@type":"WebPage","@id":"https:\/\/pegasuslp.com.br\/wp2\/trabalhe-conosco\/","url":"https:\/\/pegasuslp.com.br\/wp2\/trabalhe-conosco\/","name":"Trabalhe conosco - Pegasus SISTEMAS","isPartOf":{"@id":"https:\/\/pegasuslp.com.br\/wp2\/#website"},"datePublished":"2022-08-20T13:55:07+00:00","dateModified":"2025-09-11T12:51:50+00:00","breadcrumb":{"@id":"https:\/\/pegasuslp.com.br\/wp2\/trabalhe-conosco\/#breadcrumb"},"inLanguage":"pt-PT","potentialAction":[{"@type":"ReadAction","target":["https:\/\/pegasuslp.com.br\/wp2\/trabalhe-conosco\/"]}]},{"@type":"BreadcrumbList","@id":"https:\/\/pegasuslp.com.br\/wp2\/trabalhe-conosco\/#breadcrumb","itemListElement":[{"@type":"ListItem","position":1,"name":"In\u00edcio","item":"https:\/\/pegasuslp.com.br\/wp2\/"},{"@type":"ListItem","position":2,"name":"Trabalhe conosco"}]},{"@type":"WebSite","@id":"https:\/\/pegasuslp.com.br\/wp2\/#website","url":"https:\/\/pegasuslp.com.br\/wp2\/","name":"Pegasus SISTEMAS","description":"Pegasus Sistemas","potentialAction":[{"@type":"SearchAction","target":{"@type":"EntryPoint","urlTemplate":"https:\/\/pegasuslp.com.br\/wp2\/?s={search_term_string}"},"query-input":{"@type":"PropertyValueSpecification","valueRequired":true,"valueName":"search_term_string"}}],"inLanguage":"pt-PT"}]}},"_links":{"self":[{"href":"https:\/\/pegasuslp.com.br\/wp2\/wp-json\/wp\/v2\/pages\/496","targetHints":{"allow":["GET"]}}],"collection":[{"href":"https:\/\/pegasuslp.com.br\/wp2\/wp-json\/wp\/v2\/pages"}],"about":[{"href":"https:\/\/pegasuslp.com.br\/wp2\/wp-json\/wp\/v2\/types\/page"}],"author":[{"embeddable":true,"href":"https:\/\/pegasuslp.com.br\/wp2\/wp-json\/wp\/v2\/users\/2"}],"replies":[{"embeddable":true,"href":"https:\/\/pegasuslp.com.br\/wp2\/wp-json\/wp\/v2\/comments?post=496"}],"version-history":[{"count":57,"href":"https:\/\/pegasuslp.com.br\/wp2\/wp-json\/wp\/v2\/pages\/496\/revisions"}],"predecessor-version":[{"id":7140,"href":"https:\/\/pegasuslp.com.br\/wp2\/wp-json\/wp\/v2\/pages\/496\/revisions\/7140"}],"wp:attachment":[{"href":"https:\/\/pegasuslp.com.br\/wp2\/wp-json\/wp\/v2\/media?parent=496"}],"curies":[{"name":"wp","href":"https:\/\/api.w.org\/{rel}","templated":true}]}}